{"id":6513,"date":"2017-02-23T09:06:21","date_gmt":"2017-02-23T09:06:21","guid":{"rendered":"http:\/\/baker.edge-themes.com\/?page_id=6513"},"modified":"2025-01-15T17:16:22","modified_gmt":"2025-01-15T17:16:22","slug":"inicio","status":"publish","type":"page","link":"https:\/\/www.barriocafebrunch.com\/","title":{"rendered":"Inicio"},"content":{"rendered":"<section class=\"wpb-content-wrapper\"><p>[vc_row css=\u00bb.vc_custom_1734970631959{padding-top: 70px !important;}\u00bb][vc_column el_id=\u00bbsobre-nosotros\u00bb][vc_row_inner row_content_width=\u00bbgrid\u00bb][vc_column_inner offset=\u00bbvc_col-lg-6 vc_col-md-12 vc_col-xs-12&#8243;]<div class=\"edgtf-elements-holder edgtf-one-column edgtf-responsive-mode-768\" ><div class=\"edgtf-eh-item \"  data-item-class=\"edgtf-eh-custom-588695\" data-1280-1600=\"43px 10% 50px 0%\" data-1024-1280=\"43px 2% 110px 0%\" data-768-1024=\"0 25% 74px 0%\" data-600-768=\"0 12% 74px 0%\" data-480-600=\"1px 0% 72px 0%\" data-480=\"1px 0% 72px 0%\">\n\t<div class=\"edgtf-eh-item-inner\">\n\t\t<div class=\"edgtf-eh-item-content edgtf-eh-custom-588695\" style=\"padding: 43px 10% 50px 0%\">\n\t\t\t<div class=\"edgtf-section-title-holder\" style=\"text-align: left\">\n\t\t\t\t\t<h2 class=\"edgtf-st-title\" style=\"color: #303030;font-weight: 600;letter-spacing: 4px\">\n\t\t\t<span>Sobre Nosotros<\/span>\n\t\t<\/h2>\n\t\t<\/div>[vc_empty_space height=\u00bb19px\u00bb][vc_column_text]<\/p>\n<p style=\"text-align: left;\">Bienvenido a Barrio Caf\u00e9, un rinc\u00f3n acogedor en el coraz\u00f3n de nuestro barrio, donde cada visita se convierte en una experiencia \u00fanica. En Barrio Caf\u00e9, creemos que la comida es m\u00e1s que solo sustento; es un momento para disfrutar, compartir y conectar con los dem\u00e1s.<\/p>\n<p style=\"text-align: left;\">Desde el primer d\u00eda, nos hemos comprometido a ofrecer productos frescos y reci\u00e9n hechos, elaborados con ingredientes de la m\u00e1s alta calidad. Nuestra panader\u00eda es el alma de nuestro caf\u00e9, donde cada ma\u00f1ana horneamos una variedad de panes artesanales que llenan el aire con su aroma irresistible. Desde crujientes croissants hasta panes r\u00fasticos, cada bocado refleja nuestra pasi\u00f3n por la tradici\u00f3n y la autenticidad como el barrio mismo.<\/p>\n<p style=\"text-align: left;\">Nuestro men\u00fa est\u00e1 dise\u00f1ado para satisfacer todos los gustos y momentos del d\u00eda. Ya sea que busques un desayuno nutritivo para comenzar tu jornada, un brunch relajado con amigos o un snack delicioso para acompa\u00f1ar tu caf\u00e9, en Barrio Caf\u00e9 &amp; Brunch encontrar\u00e1s opciones irresistibles. En nuestro men\u00fa encontrar\u00e1s desde deliciosas tostadas con aguacate y crujientes nachos, hasta esponjosas crepes saladas y frescas ensaladas. Tambi\u00e9n ofrecemos reposter\u00eda tradicional con un toque innovador, todo preparado al momento para asegurar la m\u00e1xima frescura en cada bocado.<\/p>\n<p>[\/vc_column_text]\t\t<\/div>\n\t<\/div>\n<\/div><\/div>[\/vc_column_inner][vc_column_inner offset=\u00bbvc_col-lg-3 vc_col-md-12 vc_col-xs-12&#8243;]<div class=\"edgtf-elements-holder edgtf-one-column edgtf-responsive-mode-768\" ><div class=\"edgtf-eh-item edgtf-horizontal-alignment-center\"  data-item-class=\"edgtf-eh-custom-722691\" data-768-1024=\"51px 0 74px 0\" data-480-600=\"51px 0 75px 0\" data-480=\"51px 0 75px 0\">\n\t<div class=\"edgtf-eh-item-inner\">\n\t\t<div class=\"edgtf-eh-item-content edgtf-eh-custom-722691\" style=\"padding: 51px 0 115px 0\">\n\t\t\t[vc_single_image image=\u00bb6579&#8243; img_size=\u00bbfull\u00bb onclick=\u00bbcustom_link\u00bb css_animation=\u00bbfadeInRight\u00bb link=\u00bbhttp:\/\/baker.edge-themes.com\/services\/\u00bb]\t\t<\/div>\n\t<\/div>\n<\/div><\/div>[\/vc_column_inner][vc_column_inner offset=\u00bbvc_col-lg-3 vc_col-md-12 vc_col-xs-12&#8243;]<div class=\"edgtf-elements-holder edgtf-one-column edgtf-responsive-mode-768\" ><div class=\"edgtf-eh-item edgtf-horizontal-alignment-center\"  data-item-class=\"edgtf-eh-custom-675243\" data-768-1024=\"51px 0 120px 0\" data-480-600=\"51px 0 119px 0\" data-480=\"51px 0 119px 0\">\n\t<div class=\"edgtf-eh-item-inner\">\n\t\t<div class=\"edgtf-eh-item-content edgtf-eh-custom-675243\" style=\"padding: 51px 0 115px 0\">\n\t\t\t[vc_single_image image=\u00bb11679&#8243; img_size=\u00bbfull\u00bb onclick=\u00bbcustom_link\u00bb css_animation=\u00bbfadeInRight\u00bb link=\u00bbhttp:\/\/baker.edge-themes.com\/services-2\/\u00bb]\t\t<\/div>\n\t<\/div>\n<\/div><\/div>[\/vc_column_inner][\/vc_row_inner][\/vc_column][\/vc_row][vc_row css=\u00bb.vc_custom_1734970611717{padding-top: 0px !important;padding-bottom: 6px !important;}\u00bb][vc_column][vc_row_inner row_content_width=\u00bbgrid\u00bb][vc_column_inner offset=\u00bbvc_col-lg-3 vc_col-md-12 vc_col-xs-12&#8243;]<div class=\"edgtf-elements-holder edgtf-one-column edgtf-responsive-mode-768\" ><div class=\"edgtf-eh-item edgtf-horizontal-alignment-center\"  data-item-class=\"edgtf-eh-custom-346480\" data-768-1024=\"51px 0 74px 0\" data-480-600=\"51px 0 75px 0\" data-480=\"51px 0 75px 0\">\n\t<div class=\"edgtf-eh-item-inner\">\n\t\t<div class=\"edgtf-eh-item-content edgtf-eh-custom-346480\" style=\"padding: 51px 0 115px 0\">\n\t\t\t[vc_single_image image=\u00bb10422&#8243; img_size=\u00bbfull\u00bb onclick=\u00bbcustom_link\u00bb css_animation=\u00bbfadeInLeft\u00bb link=\u00bbhttp:\/\/baker.edge-themes.com\/services\/\u00bb]\t\t<\/div>\n\t<\/div>\n<\/div><\/div>[\/vc_column_inner][vc_column_inner offset=\u00bbvc_col-lg-3 vc_col-md-12 vc_col-xs-12&#8243;]<div class=\"edgtf-elements-holder edgtf-one-column edgtf-responsive-mode-768\" ><div class=\"edgtf-eh-item edgtf-horizontal-alignment-center\"  data-item-class=\"edgtf-eh-custom-630795\" data-768-1024=\"51px 0 120px 0\" data-480-600=\"51px 0 119px 0\" data-480=\"51px 0 119px 0\">\n\t<div class=\"edgtf-eh-item-inner\">\n\t\t<div class=\"edgtf-eh-item-content edgtf-eh-custom-630795\" style=\"padding: 51px 0 115px 0\">\n\t\t\t[vc_single_image image=\u00bb11674&#8243; img_size=\u00bbfull\u00bb onclick=\u00bbcustom_link\u00bb css_animation=\u00bbfadeInLeft\u00bb link=\u00bbhttp:\/\/baker.edge-themes.com\/services-2\/\u00bb]\t\t<\/div>\n\t<\/div>\n<\/div><\/div>[\/vc_column_inner][vc_column_inner offset=\u00bbvc_col-lg-6 vc_col-md-12 vc_col-xs-12&#8243;]<div class=\"edgtf-elements-holder edgtf-one-column edgtf-responsive-mode-768\" ><div class=\"edgtf-eh-item \"  data-item-class=\"edgtf-eh-custom-850976\" data-1280-1600=\"43px 10% 50px 0%\" data-1024-1280=\"43px 2% 110px 0%\" data-768-1024=\"0 25% 74px 0%\" data-600-768=\"0 12% 74px 0%\" data-480-600=\"1px 0% 72px 0%\" data-480=\"1px 0% 72px 0%\">\n\t<div class=\"edgtf-eh-item-inner\">\n\t\t<div class=\"edgtf-eh-item-content edgtf-eh-custom-850976\" style=\"padding: 43px 10% 50px 0%\">\n\t\t\t[vc_column_text]Pero Barrio Caf\u00e9 &amp; Brunch no es solo sobre la comida; es tambi\u00e9n un espacio pensado para ti. Hemos creado un ambiente c\u00e1lido y acogedor, ideal para aquellos que buscan un lugar tranquilo donde disfrutar de su tiempo. Ya sea que desees trabajar, leer un libro o simplemente charlar con amigos, aqu\u00ed encontrar\u00e1s el entorno perfecto.<\/p>\n<p>Adem\u00e1s, nos enorgullece ser parte activa de nuestra comunidad. Organizamos eventos especiales como catas de caf\u00e9 o talleres de reposter\u00eda, creando oportunidades para que nuestros vecinos se re\u00fanan y celebren juntos.<\/p>\n<p>En Barrio Caf\u00e9, cada detalle cuenta. Desde la selecci\u00f3n cuidadosa de nuestros ingredientes hasta el servicio amable y cercano de nuestro equipo, estamos dedicados a brindarte una experiencia memorable cada vez que nos visites.<\/p>\n<p>Te invitamos a descubrir tu nuevo lugar favorito en el barrio. Ven a disfrutar de lo mejor del brunch, desayunos deliciosos y snacks irresistibles en un ambiente acogedor donde siempre ser\u00e1s bienvenido.<\/p>\n<p><span style=\"color: #666666; font-size: 14px; line-height: 27px; font-weight: 300;\">\u00a0<\/span>[\/vc_column_text]\t\t<\/div>\n\t<\/div>\n<\/div><\/div>[\/vc_column_inner][\/vc_row_inner][\/vc_column][\/vc_row][vc_row full_width=\u00bbstretch_row\u00bb content_placement=\u00bbmiddle\u00bb parallax=\u00bbcontent-moving\u00bb parallax_image=\u00bb10700&#8243; content_text_aligment=\u00bbleft\u00bb][vc_column css=\u00bb.vc_custom_1734975659402{padding-bottom: 50px !important;}\u00bb]<div class=\"edgtf-section-title-holder\" style=\"text-align: center\">\n\t\t\t\t\t<h2 class=\"edgtf-st-title\" style=\"color: #ffffff;font-weight: 600;letter-spacing: 4px\">\n\t\t\t<span>Nuestra Misi\u00f3n<\/span>\n\t\t<\/h2>\n\t\t\t\t<p class=\"edgtf-st-text\" style=\"color: #ffffff;font-size: 16.05px;line-height: 30px;font-weight: 300;margin-top: 22px\">Brindar una experiencia \u00fanica a nuestros clientes, utilizando ingredientes locales y recetas tradicionales.<\/p>\n\t<\/div>[\/vc_column][\/vc_row][vc_row row_content_width=\u00bbgrid\u00bb content_text_aligment=\u00bbcenter\u00bb css=\u00bb.vc_custom_1734975825709{margin-top: 50px !important;padding-bottom: 50px !important;}\u00bb el_id=\u00bbmenu\u00bb][vc_column]<div class=\"edgtf-section-title-holder\" style=\"text-align: center\">\n\t\t\t\t\t<h2 class=\"edgtf-st-title\" style=\"color: #303030;font-weight: 600;letter-spacing: 4px\">\n\t\t\t<span>Men\u00fa<\/span>\n\t\t<\/h2>\n\t\t<\/div>[vc_empty_space height=\u00bb50px\u00bb][vc_row_inner][vc_column_inner][vc_single_image image=\u00bb11683&#8243; img_size=\u00bbfull\u00bb onclick=\u00bblink_image\u00bb][vc_empty_space height=\u00bb50px\u00bb][\/vc_column_inner][\/vc_row_inner][\/vc_column][\/vc_row][vc_row row_content_width=\u00bbgrid\u00bb content_text_aligment=\u00bbcenter\u00bb css=\u00bb.vc_custom_1734977287186{padding-bottom: 50px !important;}\u00bb][vc_column]<div class=\"edgtf-section-title-holder\" style=\"text-align: center\">\n\t\t\t\t\t<h2 class=\"edgtf-st-title\" style=\"color: #303030;font-weight: 600;letter-spacing: 4px\">\n\t\t\t<span>Instagram<\/span>\n\t\t<\/h2>\n\t\t<\/div>[vc_empty_space height=\u00bb50px\u00bb][vc_row_inner][vc_column_inner][vc_raw_html][\/vc_raw_html][\/vc_column_inner][\/vc_row_inner][\/vc_column][\/vc_row][vc_row][vc_column][vc_masonry_media_grid element_width=\u00bb3&#8243; grid_id=\u00bbvc_gid:1736961337881-ea66021f-4abe-1&#8243; include=\u00bb7934,7933,7928,7924,7724,7716,7674&#8243;][\/vc_column][\/vc_row][vc_row full_width=\u00bbstretch_row_content_no_spaces\u00bb content_placement=\u00bbmiddle\u00bb el_id=\u00bbcontacto\u00bb][vc_column parallax=\u00bbcontent-moving\u00bb parallax_image=\u00bb9788&#8243; css=\u00bb.vc_custom_1734975253647{margin-top: 0px !important;padding-top: 0px !important;}\u00bb][vc_row_inner][vc_column_inner width=\u00bb1\/2&#8243;][\/vc_column_inner][vc_column_inner width=\u00bb1\/2&#8243; css=\u00bb.vc_custom_1734975274263{margin-top: 0px !important;padding-top: 0px !important;padding-right: 100px !important;padding-left: 100px !important;background-color: rgba(255,255,255,0.95) !important;*background-color: rgb(255,255,255) !important;}\u00bb][vc_empty_space height=\u00bb50px\u00bb][vc_column_text]<\/p>\n<h3 style=\"text-align: center;\">Contacta con nosotros<\/h3>\n<p>[\/vc_column_text]\n<div class=\"wpcf7 no-js\" id=\"wpcf7-f8-o1\" lang=\"es-ES\" dir=\"ltr\" data-wpcf7-id=\"8\">\n<div class=\"screen-reader-response\"><p role=\"status\" aria-live=\"polite\" aria-atomic=\"true\"><\/p> <ul><\/ul><\/div>\n<form action=\"\/index.php\/wp-json\/wp\/v2\/pages\/6513#wpcf7-f8-o1\" method=\"post\" class=\"wpcf7-form init cf7_custom_style_3\" aria-label=\"Formulario de contacto\" novalidate=\"novalidate\" data-status=\"init\">\n<div style=\"display: none;\">\n<input type=\"hidden\" name=\"_wpcf7\" value=\"8\" \/>\n<input type=\"hidden\" name=\"_wpcf7_version\" value=\"6.0.2\" \/>\n<input type=\"hidden\" name=\"_wpcf7_locale\" value=\"es_ES\" \/>\n<input type=\"hidden\" name=\"_wpcf7_unit_tag\" value=\"wpcf7-f8-o1\" \/>\n<input type=\"hidden\" name=\"_wpcf7_container_post\" value=\"0\" \/>\n<input type=\"hidden\" name=\"_wpcf7_posted_data_hash\" value=\"\" \/>\n<\/div>\n<p><label for=\"nombre\">Nombre:<\/label><br \/>\n<span class=\"wpcf7-form-control-wrap\" data-name=\"nombre\"><input size=\"40\" maxlength=\"400\" class=\"wpcf7-form-control wpcf7-text wpcf7-validates-as-required\" aria-required=\"true\" aria-invalid=\"false\" placeholder=\"Tu nombre\" value=\"\" type=\"text\" name=\"nombre\" \/><\/span>\n<\/p>\n<p><label for=\"email\">Correo electr\u00f3nico:<\/label><br \/>\n<span class=\"wpcf7-form-control-wrap\" data-name=\"email\"><input size=\"40\" maxlength=\"400\" class=\"wpcf7-form-control wpcf7-email wpcf7-validates-as-required wpcf7-text wpcf7-validates-as-email\" aria-required=\"true\" aria-invalid=\"false\" placeholder=\"Tu correo electr\u00f3nico\" value=\"\" type=\"email\" name=\"email\" \/><\/span>\n<\/p>\n<p><label for=\"mensaje\">Mensaje:<\/label><br \/>\n<span class=\"wpcf7-form-control-wrap\" data-name=\"mensaje\"><textarea cols=\"40\" rows=\"10\" maxlength=\"2000\" class=\"wpcf7-form-control wpcf7-textarea wpcf7-validates-as-required\" aria-required=\"true\" aria-invalid=\"false\" placeholder=\"Escribe tu mensaje\" name=\"mensaje\"><\/textarea><\/span>\n<\/p>\n<p><input class=\"wpcf7-form-control wpcf7-submit has-spinner\" type=\"submit\" value=\"Enviar\" \/>\n<\/p><div class=\"wpcf7-response-output\" aria-hidden=\"true\"><\/div>\n<\/form>\n<\/div>\n[vc_empty_space height=\u00bb50px\u00bb][\/vc_column_inner][\/vc_row_inner][\/vc_column][\/vc_row]<\/p>\n<\/section>","protected":false},"excerpt":{"rendered":"<p>[vc_row css=\u00bb.vc_custom_1734970631959{padding-top: 70px !important;}\u00bb][vc_column el_id=\u00bbsobre-nosotros\u00bb][vc_row_inner row_content_width=\u00bbgrid\u00bb][vc_column_inner offset=\u00bbvc_col-lg-6 vc_col-md-12 vc_col-xs-12&#8243;][\/vc_column_inner][vc_column_inner offset=\u00bbvc_col-lg-3 vc_col-md-12 vc_col-xs-12&#8243;][\/vc_column_inner][vc_column_inner offset=\u00bbvc_col-lg-3 vc_col-md-12 vc_col-xs-12&#8243;][\/vc_column_inner][\/vc_row_inner][\/vc_column][\/vc_row][vc_row css=\u00bb.vc_custom_1734970611717{padding-top: 0px !important;padding-bottom: 6px !important;}\u00bb][vc_column][vc_row_inner row_content_width=\u00bbgrid\u00bb][vc_column_inner offset=\u00bbvc_col-lg-3 vc_col-md-12 vc_col-xs-12&#8243;][\/vc_column_inner][vc_column_inner offset=\u00bbvc_col-lg-3 vc_col-md-12 vc_col-xs-12&#8243;][\/vc_column_inner][vc_column_inner offset=\u00bbvc_col-lg-6 vc_col-md-12 vc_col-xs-12&#8243;][\/vc_column_inner][\/vc_row_inner][\/vc_column][\/vc_row][vc_row full_width=\u00bbstretch_row\u00bb content_placement=\u00bbmiddle\u00bb parallax=\u00bbcontent-moving\u00bb parallax_image=\u00bb10700&#8243; content_text_aligment=\u00bbleft\u00bb][vc_column css=\u00bb.vc_custom_1734975659402{padding-bottom: 50px !important;}\u00bb][\/vc_column][\/vc_row][vc_row row_content_width=\u00bbgrid\u00bb content_text_aligment=\u00bbcenter\u00bb [&hellip;]<\/p>\n","protected":false},"author":1,"featured_media":0,"parent":0,"menu_order":0,"comment_status":"closed","ping_status":"closed","template":"full-width.php","meta":{"footnotes":""},"class_list":["post-6513","page","type-page","status-publish","hentry"],"_links":{"self":[{"href":"https:\/\/www.barriocafebrunch.com\/index.php\/wp-json\/wp\/v2\/pages\/6513","targetHints":{"allow":["GET"]}}],"collection":[{"href":"https:\/\/www.barriocafebrunch.com\/index.php\/wp-json\/wp\/v2\/pages"}],"about":[{"href":"https:\/\/www.barriocafebrunch.com\/index.php\/wp-json\/wp\/v2\/types\/page"}],"author":[{"embeddable":true,"href":"https:\/\/www.barriocafebrunch.com\/index.php\/wp-json\/wp\/v2\/users\/1"}],"replies":[{"embeddable":true,"href":"https:\/\/www.barriocafebrunch.com\/index.php\/wp-json\/wp\/v2\/comments?post=6513"}],"version-history":[{"count":152,"href":"https:\/\/www.barriocafebrunch.com\/index.php\/wp-json\/wp\/v2\/pages\/6513\/revisions"}],"predecessor-version":[{"id":11685,"href":"https:\/\/www.barriocafebrunch.com\/index.php\/wp-json\/wp\/v2\/pages\/6513\/revisions\/11685"}],"wp:attachment":[{"href":"https:\/\/www.barriocafebrunch.com\/index.php\/wp-json\/wp\/v2\/media?parent=6513"}],"curies":[{"name":"wp","href":"https:\/\/api.w.org\/{rel}","templated":true}]}}